{"id":17,"date":"2016-11-01T13:10:38","date_gmt":"2016-11-01T15:10:38","guid":{"rendered":"http:\/\/www.fechalar.com.br\/?page_id=17"},"modified":"2016-12-01T16:21:52","modified_gmt":"2016-12-01T18:21:52","slug":"pagina-inicial","status":"publish","type":"page","link":"https:\/\/fechalar.com.br\/","title":{"rendered":"P\u00e1gina Inicial"},"content":{"rendered":"<div id=\"pl-17\"  class=\"panel-layout\" ><div id=\"pg-17-0\"  class=\"panel-grid panel-no-style\" ><div id=\"pgc-17-0-0\"  class=\"panel-grid-cell\" ><div id=\"panel-17-0-0-0\" class=\"so-panel widget widget_headline-widget panel-first-child panel-last-child\" data-index=\"0\" >\t\t<h1>Destaques<\/h1>\n\t\t<div class=\"decoration\"><div class=\"decoration-inside\"><\/div><\/div>\n\t\t<h3>Produtos especialmente selecionados para voc\u00ea<\/h3>\n\t\t<\/div><\/div><\/div><div id=\"pg-17-1\"  class=\"panel-grid panel-no-style\" ><div id=\"pgc-17-1-0\"  class=\"panel-grid-cell\" ><div id=\"panel-17-1-0-0\" class=\"so-panel widget widget_text panel-first-child panel-last-child\" data-index=\"1\" >\t\t\t<div class=\"textwidget\"><div class=\"woocommerce columns-4 \"><ul class=\"products columns-4\">\r\n<li class=\"post-956 product type-product status-publish has-post-thumbnail product_cat-cilindro-para-moveis post post-with-thumbnail post-with-thumbnail-large first instock featured shipping-taxable product-type-simple\">\r\n\t<a href=\"https:\/\/fechalar.com.br\/?product=fechadura-eletronica-para-moveis\" class=\"woocommerce-LoopProduct-link woocommerce-loop-product__link\"><img width=\"300\" height=\"300\" src=\"https:\/\/fechalar.com.br\/wp-content\/uploads\/2018\/09\/Fechadura_eletronica_para_Moveis-300x300.jpg\" class=\"attachment-woocommerce_thumbnail size-woocommerce_thumbnail wp-post-image\" alt=\"\" loading=\"lazy\" srcset=\"https:\/\/fechalar.com.br\/wp-content\/uploads\/2018\/09\/Fechadura_eletronica_para_Moveis-300x300.jpg 300w, https:\/\/fechalar.com.br\/wp-content\/uploads\/2018\/09\/Fechadura_eletronica_para_Moveis-100x100.jpg 100w\" sizes=\"(max-width: 300px) 100vw, 300px\" \/><h2 class=\"woocommerce-loop-product__title\">Fechadura Eletr\u00f4nica para M\u00f3veis<\/h2>\r\n<\/a><a href=\"https:\/\/fechalar.com.br\/?product=fechadura-eletronica-para-moveis\" data-quantity=\"1\" class=\"button product_type_simple ajax_add_to_cart\" data-product_id=\"956\" data-product_sku=\"\" aria-label=\"Leia mais sobre &ldquo;Fechadura Eletr\u00f4nica para M\u00f3veis&rdquo;\" rel=\"nofollow\">Leia mais<\/a><\/li>\r\n<li class=\"post-941 product type-product status-publish has-post-thumbnail product_cat-fechaduras-digitais-e-biometricas post post-with-thumbnail post-with-thumbnail-large instock featured shipping-taxable product-type-simple\">\r\n\t<a href=\"https:\/\/fechalar.com.br\/?product=fechadura-smart-lock\" class=\"woocommerce-LoopProduct-link woocommerce-loop-product__link\"><img width=\"300\" height=\"300\" src=\"https:\/\/fechalar.com.br\/wp-content\/uploads\/2018\/08\/fechadura-aplicada_trincocorreto_esquerda_porta_branca-300x300.jpg\" class=\"attachment-woocommerce_thumbnail size-woocommerce_thumbnail wp-post-image\" alt=\"\" loading=\"lazy\" srcset=\"https:\/\/fechalar.com.br\/wp-content\/uploads\/2018\/08\/fechadura-aplicada_trincocorreto_esquerda_porta_branca-300x300.jpg 300w, https:\/\/fechalar.com.br\/wp-content\/uploads\/2018\/08\/fechadura-aplicada_trincocorreto_esquerda_porta_branca-100x100.jpg 100w\" sizes=\"(max-width: 300px) 100vw, 300px\" \/><h2 class=\"woocommerce-loop-product__title\">Fechadura Smart Lock Papaiz<\/h2>\r\n<\/a><a href=\"https:\/\/fechalar.com.br\/?product=fechadura-smart-lock\" data-quantity=\"1\" class=\"button product_type_simple ajax_add_to_cart\" data-product_id=\"941\" data-product_sku=\"\" aria-label=\"Leia mais sobre &ldquo;Fechadura Smart Lock Papaiz&rdquo;\" rel=\"nofollow\">Leia mais<\/a><\/li>\r\n<li class=\"post-881 product type-product status-publish has-post-thumbnail product_cat-fechaduras post post-with-thumbnail post-with-thumbnail-large instock featured shipping-taxable product-type-simple\">\r\n\t<a href=\"https:\/\/fechalar.com.br\/?product=residenciais-premium-blim-blim-650-arouca\" class=\"woocommerce-LoopProduct-link woocommerce-loop-product__link\"><img width=\"300\" height=\"300\" src=\"https:\/\/fechalar.com.br\/wp-content\/uploads\/2017\/02\/Blim-Blim_660-LP-2.jpg\" class=\"attachment-woocommerce_thumbnail size-woocommerce_thumbnail wp-post-image\" alt=\"\" loading=\"lazy\" srcset=\"https:\/\/fechalar.com.br\/wp-content\/uploads\/2017\/02\/Blim-Blim_660-LP-2.jpg 500w, https:\/\/fechalar.com.br\/wp-content\/uploads\/2017\/02\/Blim-Blim_660-LP-2-150x150.jpg 150w, https:\/\/fechalar.com.br\/wp-content\/uploads\/2017\/02\/Blim-Blim_660-LP-2-300x300.jpg 300w, https:\/\/fechalar.com.br\/wp-content\/uploads\/2017\/02\/Blim-Blim_660-LP-2-180x180.jpg 180w\" sizes=\"(max-width: 300px) 100vw, 300px\" \/><h2 class=\"woocommerce-loop-product__title\">Residenciais Premium Blim-Blim 650 Lat\u00e3o AROUCA<\/h2>\r\n<\/a><a href=\"https:\/\/fechalar.com.br\/?product=residenciais-premium-blim-blim-650-arouca\" data-quantity=\"1\" class=\"button product_type_simple ajax_add_to_cart\" data-product_id=\"881\" data-product_sku=\"\" aria-label=\"Leia mais sobre &ldquo;Residenciais Premium Blim-Blim 650 Lat\u00e3o AROUCA&rdquo;\" rel=\"nofollow\">Leia mais<\/a><\/li>\r\n<li class=\"post-692 product type-product status-publish has-post-thumbnail product_cat-cofre post post-with-thumbnail post-with-thumbnail-large last instock featured shipping-taxable product-type-simple\">\r\n\t<a href=\"https:\/\/fechalar.com.br\/?product=cofre-standard-home\" class=\"woocommerce-LoopProduct-link woocommerce-loop-product__link\"><img width=\"300\" height=\"203\" src=\"https:\/\/fechalar.com.br\/wp-content\/uploads\/2016\/11\/COFRE-STANDARD-HOME-1.jpg\" class=\"attachment-woocommerce_thumbnail size-woocommerce_thumbnail wp-post-image\" alt=\"\" loading=\"lazy\" srcset=\"https:\/\/fechalar.com.br\/wp-content\/uploads\/2016\/11\/COFRE-STANDARD-HOME-1.jpg 620w, https:\/\/fechalar.com.br\/wp-content\/uploads\/2016\/11\/COFRE-STANDARD-HOME-1-150x102.jpg 150w, https:\/\/fechalar.com.br\/wp-content\/uploads\/2016\/11\/COFRE-STANDARD-HOME-1-300x203.jpg 300w\" sizes=\"(max-width: 300px) 100vw, 300px\" \/><h2 class=\"woocommerce-loop-product__title\">Cofre Standard Home<\/h2>\r\n<\/a><a href=\"https:\/\/fechalar.com.br\/?product=cofre-standard-home\" data-quantity=\"1\" class=\"button product_type_simple ajax_add_to_cart\" data-product_id=\"692\" data-product_sku=\"\" aria-label=\"Leia mais sobre &ldquo;Cofre Standard Home&rdquo;\" rel=\"nofollow\">Leia mais<\/a><\/li>\r\n<\/ul>\r\n<\/div>\n<\/div>\n\t\t<\/div><\/div><\/div><div id=\"pg-17-2\"  class=\"panel-grid panel-no-style\" ><div id=\"pgc-17-2-0\"  class=\"panel-grid-cell\" ><div id=\"panel-17-2-0-0\" class=\"so-panel widget widget_headline-widget panel-first-child panel-last-child\" data-index=\"2\" >\t\t<h1>Novidades<\/h1>\n\t\t<div class=\"decoration\"><div class=\"decoration-inside\"><\/div><\/div>\n\t\t<h3>Confira nossas \u00faltimas novidades<\/h3>\n\t\t<\/div><\/div><\/div><div id=\"pg-17-3\"  class=\"panel-grid panel-no-style\" ><div id=\"pgc-17-3-0\"  class=\"panel-grid-cell\" ><div id=\"panel-17-3-0-0\" class=\"so-panel widget widget_text panel-first-child panel-last-child\" data-index=\"3\" >\t\t\t<div class=\"textwidget\"><style>\n.woocommerce ul.products li.product a img{\n    width: 100%;\n    height: 250px !important;\n    display: block;\n    margin: 0 0 1em;\n    box-shadow: none;}\n<\/style>\n<div class=\"woocommerce columns-4 \"><ul class=\"products columns-4\">\r\n<li class=\"post-956 product type-product status-publish has-post-thumbnail product_cat-cilindro-para-moveis post post-with-thumbnail post-with-thumbnail-large first instock featured shipping-taxable product-type-simple\">\r\n\t<a href=\"https:\/\/fechalar.com.br\/?product=fechadura-eletronica-para-moveis\" class=\"woocommerce-LoopProduct-link woocommerce-loop-product__link\"><img width=\"300\" height=\"300\" src=\"https:\/\/fechalar.com.br\/wp-content\/uploads\/2018\/09\/Fechadura_eletronica_para_Moveis-300x300.jpg\" class=\"attachment-woocommerce_thumbnail size-woocommerce_thumbnail wp-post-image\" alt=\"\" loading=\"lazy\" srcset=\"https:\/\/fechalar.com.br\/wp-content\/uploads\/2018\/09\/Fechadura_eletronica_para_Moveis-300x300.jpg 300w, https:\/\/fechalar.com.br\/wp-content\/uploads\/2018\/09\/Fechadura_eletronica_para_Moveis-100x100.jpg 100w\" sizes=\"(max-width: 300px) 100vw, 300px\" \/><h2 class=\"woocommerce-loop-product__title\">Fechadura Eletr\u00f4nica para M\u00f3veis<\/h2>\r\n<\/a><a href=\"https:\/\/fechalar.com.br\/?product=fechadura-eletronica-para-moveis\" data-quantity=\"1\" class=\"button product_type_simple ajax_add_to_cart\" data-product_id=\"956\" data-product_sku=\"\" aria-label=\"Leia mais sobre &ldquo;Fechadura Eletr\u00f4nica para M\u00f3veis&rdquo;\" rel=\"nofollow\">Leia mais<\/a><\/li>\r\n<li class=\"post-941 product type-product status-publish has-post-thumbnail product_cat-fechaduras-digitais-e-biometricas post post-with-thumbnail post-with-thumbnail-large instock featured shipping-taxable product-type-simple\">\r\n\t<a href=\"https:\/\/fechalar.com.br\/?product=fechadura-smart-lock\" class=\"woocommerce-LoopProduct-link woocommerce-loop-product__link\"><img width=\"300\" height=\"300\" src=\"https:\/\/fechalar.com.br\/wp-content\/uploads\/2018\/08\/fechadura-aplicada_trincocorreto_esquerda_porta_branca-300x300.jpg\" class=\"attachment-woocommerce_thumbnail size-woocommerce_thumbnail wp-post-image\" alt=\"\" loading=\"lazy\" srcset=\"https:\/\/fechalar.com.br\/wp-content\/uploads\/2018\/08\/fechadura-aplicada_trincocorreto_esquerda_porta_branca-300x300.jpg 300w, https:\/\/fechalar.com.br\/wp-content\/uploads\/2018\/08\/fechadura-aplicada_trincocorreto_esquerda_porta_branca-100x100.jpg 100w\" sizes=\"(max-width: 300px) 100vw, 300px\" \/><h2 class=\"woocommerce-loop-product__title\">Fechadura Smart Lock Papaiz<\/h2>\r\n<\/a><a href=\"https:\/\/fechalar.com.br\/?product=fechadura-smart-lock\" data-quantity=\"1\" class=\"button product_type_simple ajax_add_to_cart\" data-product_id=\"941\" data-product_sku=\"\" aria-label=\"Leia mais sobre &ldquo;Fechadura Smart Lock Papaiz&rdquo;\" rel=\"nofollow\">Leia mais<\/a><\/li>\r\n<li class=\"post-933 product type-product status-publish has-post-thumbnail product_cat-acessorios post post-with-thumbnail post-with-thumbnail-large instock shipping-taxable product-type-simple\">\r\n\t<a href=\"https:\/\/fechalar.com.br\/?product=campainha-sem-fio-bivolt\" class=\"woocommerce-LoopProduct-link woocommerce-loop-product__link\"><img width=\"300\" height=\"300\" src=\"https:\/\/fechalar.com.br\/wp-content\/uploads\/2018\/07\/1511201150-300x300.png\" class=\"attachment-woocommerce_thumbnail size-woocommerce_thumbnail wp-post-image\" alt=\"\" loading=\"lazy\" srcset=\"https:\/\/fechalar.com.br\/wp-content\/uploads\/2018\/07\/1511201150-300x300.png 300w, https:\/\/fechalar.com.br\/wp-content\/uploads\/2018\/07\/1511201150-100x100.png 100w\" sizes=\"(max-width: 300px) 100vw, 300px\" \/><h2 class=\"woocommerce-loop-product__title\">Campainha Sem Fio &#8211; Bivolt<\/h2>\r\n<\/a><a href=\"https:\/\/fechalar.com.br\/?product=campainha-sem-fio-bivolt\" data-quantity=\"1\" class=\"button product_type_simple ajax_add_to_cart\" data-product_id=\"933\" data-product_sku=\"\" aria-label=\"Leia mais sobre &ldquo;Campainha Sem Fio - Bivolt&rdquo;\" rel=\"nofollow\">Leia mais<\/a><\/li>\r\n<li class=\"post-927 product type-product status-publish has-post-thumbnail product_cat-fechadura-eletrica post post-with-thumbnail post-with-thumbnail-large last instock shipping-taxable product-type-simple\">\r\n\t<a href=\"https:\/\/fechalar.com.br\/?product=eletroima-agl\" class=\"woocommerce-LoopProduct-link woocommerce-loop-product__link\"><img width=\"300\" height=\"300\" src=\"https:\/\/fechalar.com.br\/wp-content\/uploads\/2018\/02\/fechadura-trava-eletroima-agl-500x500.jpg\" class=\"attachment-woocommerce_thumbnail size-woocommerce_thumbnail wp-post-image\" alt=\"\" loading=\"lazy\" srcset=\"https:\/\/fechalar.com.br\/wp-content\/uploads\/2018\/02\/fechadura-trava-eletroima-agl-500x500.jpg 500w, https:\/\/fechalar.com.br\/wp-content\/uploads\/2018\/02\/fechadura-trava-eletroima-agl-500x500-150x150.jpg 150w, https:\/\/fechalar.com.br\/wp-content\/uploads\/2018\/02\/fechadura-trava-eletroima-agl-500x500-300x300.jpg 300w, https:\/\/fechalar.com.br\/wp-content\/uploads\/2018\/02\/fechadura-trava-eletroima-agl-500x500-180x180.jpg 180w\" sizes=\"(max-width: 300px) 100vw, 300px\" \/><h2 class=\"woocommerce-loop-product__title\">Eletro\u00edm\u00e3 AGL<\/h2>\r\n<\/a><a href=\"https:\/\/fechalar.com.br\/?product=eletroima-agl\" data-quantity=\"1\" class=\"button product_type_simple ajax_add_to_cart\" data-product_id=\"927\" data-product_sku=\"\" aria-label=\"Leia mais sobre &ldquo;Eletro\u00edm\u00e3 AGL&rdquo;\" rel=\"nofollow\">Leia mais<\/a><\/li>\r\n<li class=\"post-925 product type-product status-publish has-post-thumbnail product_cat-fechadura-eletrica post post-with-thumbnail post-with-thumbnail-large first instock shipping-taxable product-type-simple\">\r\n\t<a href=\"https:\/\/fechalar.com.br\/?product=porteiro-eletronico-agl-aluminio\" class=\"woocommerce-LoopProduct-link woocommerce-loop-product__link\"><img width=\"300\" height=\"247\" src=\"https:\/\/fechalar.com.br\/wp-content\/uploads\/2018\/02\/PORTEIRO-600x494.jpg\" class=\"attachment-woocommerce_thumbnail size-woocommerce_thumbnail wp-post-image\" alt=\"\" loading=\"lazy\" srcset=\"https:\/\/fechalar.com.br\/wp-content\/uploads\/2018\/02\/PORTEIRO-600x494.jpg 600w, https:\/\/fechalar.com.br\/wp-content\/uploads\/2018\/02\/PORTEIRO-600x494-150x124.jpg 150w, https:\/\/fechalar.com.br\/wp-content\/uploads\/2018\/02\/PORTEIRO-600x494-300x247.jpg 300w\" sizes=\"(max-width: 300px) 100vw, 300px\" \/><h2 class=\"woocommerce-loop-product__title\">Porteiro Eletr\u00f4nico AGL Al\u00faminio<\/h2>\r\n<\/a><a href=\"https:\/\/fechalar.com.br\/?product=porteiro-eletronico-agl-aluminio\" data-quantity=\"1\" class=\"button product_type_simple ajax_add_to_cart\" data-product_id=\"925\" data-product_sku=\"\" aria-label=\"Leia mais sobre &ldquo;Porteiro Eletr\u00f4nico AGL Al\u00faminio&rdquo;\" rel=\"nofollow\">Leia mais<\/a><\/li>\r\n<li class=\"post-920 product type-product status-publish has-post-thumbnail product_cat-fechadura-eletrica post post-with-thumbnail post-with-thumbnail-large instock shipping-taxable product-type-simple\">\r\n\t<a href=\"https:\/\/fechalar.com.br\/?product=trava-eletromagnetica\" class=\"woocommerce-LoopProduct-link woocommerce-loop-product__link\"><img width=\"300\" height=\"300\" src=\"https:\/\/fechalar.com.br\/wp-content\/uploads\/2018\/02\/trava-eletrica-eletromagnetica-pporto-ctemporizado-220v-D_NQ_NP_966686-MLB25970357549_092017-F-300x300.jpg\" class=\"attachment-woocommerce_thumbnail size-woocommerce_thumbnail wp-post-image\" alt=\"\" loading=\"lazy\" srcset=\"https:\/\/fechalar.com.br\/wp-content\/uploads\/2018\/02\/trava-eletrica-eletromagnetica-pporto-ctemporizado-220v-D_NQ_NP_966686-MLB25970357549_092017-F-300x300.jpg 300w, https:\/\/fechalar.com.br\/wp-content\/uploads\/2018\/02\/trava-eletrica-eletromagnetica-pporto-ctemporizado-220v-D_NQ_NP_966686-MLB25970357549_092017-F-150x150.jpg 150w, https:\/\/fechalar.com.br\/wp-content\/uploads\/2018\/02\/trava-eletrica-eletromagnetica-pporto-ctemporizado-220v-D_NQ_NP_966686-MLB25970357549_092017-F-768x768.jpg 768w, https:\/\/fechalar.com.br\/wp-content\/uploads\/2018\/02\/trava-eletrica-eletromagnetica-pporto-ctemporizado-220v-D_NQ_NP_966686-MLB25970357549_092017-F-600x600.jpg 600w, https:\/\/fechalar.com.br\/wp-content\/uploads\/2018\/02\/trava-eletrica-eletromagnetica-pporto-ctemporizado-220v-D_NQ_NP_966686-MLB25970357549_092017-F-100x100.jpg 100w, https:\/\/fechalar.com.br\/wp-content\/uploads\/2018\/02\/trava-eletrica-eletromagnetica-pporto-ctemporizado-220v-D_NQ_NP_966686-MLB25970357549_092017-F.jpg 1000w\" sizes=\"(max-width: 300px) 100vw, 300px\" \/><h2 class=\"woocommerce-loop-product__title\">Trava Eletromagn\u00e9tica<\/h2>\r\n<\/a><a href=\"https:\/\/fechalar.com.br\/?product=trava-eletromagnetica\" data-quantity=\"1\" class=\"button product_type_simple ajax_add_to_cart\" data-product_id=\"920\" data-product_sku=\"\" aria-label=\"Leia mais sobre &ldquo;Trava Eletromagn\u00e9tica&rdquo;\" rel=\"nofollow\">Leia mais<\/a><\/li>\r\n<li class=\"post-916 product type-product status-publish has-post-thumbnail product_cat-fechadura-eletrica post post-with-thumbnail post-with-thumbnail-large instock shipping-taxable product-type-simple\">\r\n\t<a href=\"https:\/\/fechalar.com.br\/?product=fecho-eletrico\" class=\"woocommerce-LoopProduct-link woocommerce-loop-product__link\"><img width=\"300\" height=\"186\" src=\"https:\/\/fechalar.com.br\/wp-content\/uploads\/2018\/02\/Fecho-El\u00e9trico-12v-1.jpg\" class=\"attachment-woocommerce_thumbnail size-woocommerce_thumbnail wp-post-image\" alt=\"\" loading=\"lazy\" srcset=\"https:\/\/fechalar.com.br\/wp-content\/uploads\/2018\/02\/Fecho-El\u00e9trico-12v-1.jpg 538w, https:\/\/fechalar.com.br\/wp-content\/uploads\/2018\/02\/Fecho-El\u00e9trico-12v-1-150x93.jpg 150w, https:\/\/fechalar.com.br\/wp-content\/uploads\/2018\/02\/Fecho-El\u00e9trico-12v-1-300x186.jpg 300w, https:\/\/fechalar.com.br\/wp-content\/uploads\/2018\/02\/Fecho-El\u00e9trico-12v-1-436x272.jpg 436w\" sizes=\"(max-width: 300px) 100vw, 300px\" \/><h2 class=\"woocommerce-loop-product__title\">Fecho el\u00e9trico<\/h2>\r\n<\/a><a href=\"https:\/\/fechalar.com.br\/?product=fecho-eletrico\" data-quantity=\"1\" class=\"button product_type_simple ajax_add_to_cart\" data-product_id=\"916\" data-product_sku=\"\" aria-label=\"Leia mais sobre &ldquo;Fecho el\u00e9trico&rdquo;\" rel=\"nofollow\">Leia mais<\/a><\/li>\r\n<li class=\"post-910 product type-product status-publish has-post-thumbnail product_cat-fechadura-eletrica post post-with-thumbnail post-with-thumbnail-large last instock shipping-taxable product-type-simple\">\r\n\t<a href=\"https:\/\/fechalar.com.br\/?product=fechadura-eletrica-soprano\" class=\"woocommerce-LoopProduct-link woocommerce-loop-product__link\"><img width=\"300\" height=\"300\" src=\"https:\/\/fechalar.com.br\/wp-content\/uploads\/2018\/02\/Fechadura-El\u00e9trica-FE-785-BR-PY-SOPRANO-CODIGO-F-14010.4785.02-600x600.jpg\" class=\"attachment-woocommerce_thumbnail size-woocommerce_thumbnail wp-post-image\" alt=\"\" loading=\"lazy\" srcset=\"https:\/\/fechalar.com.br\/wp-content\/uploads\/2018\/02\/Fechadura-El\u00e9trica-FE-785-BR-PY-SOPRANO-CODIGO-F-14010.4785.02-600x600.jpg 600w, https:\/\/fechalar.com.br\/wp-content\/uploads\/2018\/02\/Fechadura-El\u00e9trica-FE-785-BR-PY-SOPRANO-CODIGO-F-14010.4785.02-600x600-150x150.jpg 150w, https:\/\/fechalar.com.br\/wp-content\/uploads\/2018\/02\/Fechadura-El\u00e9trica-FE-785-BR-PY-SOPRANO-CODIGO-F-14010.4785.02-600x600-300x300.jpg 300w, https:\/\/fechalar.com.br\/wp-content\/uploads\/2018\/02\/Fechadura-El\u00e9trica-FE-785-BR-PY-SOPRANO-CODIGO-F-14010.4785.02-600x600-180x180.jpg 180w\" sizes=\"(max-width: 300px) 100vw, 300px\" \/><h2 class=\"woocommerce-loop-product__title\">Fechadura El\u00e9trica Soprano<\/h2>\r\n<\/a><a href=\"https:\/\/fechalar.com.br\/?product=fechadura-eletrica-soprano\" data-quantity=\"1\" class=\"button product_type_simple ajax_add_to_cart\" data-product_id=\"910\" data-product_sku=\"\" aria-label=\"Leia mais sobre &ldquo;Fechadura El\u00e9trica Soprano&rdquo;\" rel=\"nofollow\">Leia mais<\/a><\/li>\r\n<li class=\"post-894 product type-product status-publish has-post-thumbnail product_cat-fechaduras post post-with-thumbnail post-with-thumbnail-large first instock shipping-taxable product-type-simple\">\r\n\t<a href=\"https:\/\/fechalar.com.br\/?product=fechadura-porta-de-correr-940-stam\" class=\"woocommerce-LoopProduct-link woocommerce-loop-product__link\"><img width=\"273\" height=\"300\" src=\"https:\/\/fechalar.com.br\/wp-content\/uploads\/2017\/02\/160Fechadura-Stam-Porta-de-Correr-940-9452.jpg\" class=\"attachment-woocommerce_thumbnail size-woocommerce_thumbnail wp-post-image\" alt=\"\" loading=\"lazy\" srcset=\"https:\/\/fechalar.com.br\/wp-content\/uploads\/2017\/02\/160Fechadura-Stam-Porta-de-Correr-940-9452.jpg 500w, https:\/\/fechalar.com.br\/wp-content\/uploads\/2017\/02\/160Fechadura-Stam-Porta-de-Correr-940-9452-136x150.jpg 136w, https:\/\/fechalar.com.br\/wp-content\/uploads\/2017\/02\/160Fechadura-Stam-Porta-de-Correr-940-9452-273x300.jpg 273w\" sizes=\"(max-width: 273px) 100vw, 273px\" \/><h2 class=\"woocommerce-loop-product__title\">Fechadura Porta de Correr 940 STAM<\/h2>\r\n<\/a><a href=\"https:\/\/fechalar.com.br\/?product=fechadura-porta-de-correr-940-stam\" data-quantity=\"1\" class=\"button product_type_simple ajax_add_to_cart\" data-product_id=\"894\" data-product_sku=\"\" aria-label=\"Leia mais sobre &ldquo;Fechadura Porta de Correr 940 STAM&rdquo;\" rel=\"nofollow\">Leia mais<\/a><\/li>\r\n<li class=\"post-892 product type-product status-publish has-post-thumbnail product_cat-fechaduras post post-with-thumbnail post-with-thumbnail-large instock shipping-taxable product-type-simple\">\r\n\t<a href=\"https:\/\/fechalar.com.br\/?product=fechadura-porta-de-correr-1006-stam\" class=\"woocommerce-LoopProduct-link woocommerce-loop-product__link\"><img width=\"273\" height=\"300\" src=\"https:\/\/fechalar.com.br\/wp-content\/uploads\/2017\/02\/155Fechadura-Stam-Porta-de-Correr-1006-roseta-quadrada_02.jpg\" class=\"attachment-woocommerce_thumbnail size-woocommerce_thumbnail wp-post-image\" alt=\"\" loading=\"lazy\" srcset=\"https:\/\/fechalar.com.br\/wp-content\/uploads\/2017\/02\/155Fechadura-Stam-Porta-de-Correr-1006-roseta-quadrada_02.jpg 500w, https:\/\/fechalar.com.br\/wp-content\/uploads\/2017\/02\/155Fechadura-Stam-Porta-de-Correr-1006-roseta-quadrada_02-136x150.jpg 136w, https:\/\/fechalar.com.br\/wp-content\/uploads\/2017\/02\/155Fechadura-Stam-Porta-de-Correr-1006-roseta-quadrada_02-273x300.jpg 273w\" sizes=\"(max-width: 273px) 100vw, 273px\" \/><h2 class=\"woocommerce-loop-product__title\">Fechadura Porta de Correr 1006 STAM \/ Lan\u00e7amento<\/h2>\r\n<\/a><a href=\"https:\/\/fechalar.com.br\/?product=fechadura-porta-de-correr-1006-stam\" data-quantity=\"1\" class=\"button product_type_simple ajax_add_to_cart\" data-product_id=\"892\" data-product_sku=\"\" aria-label=\"Leia mais sobre &ldquo;Fechadura Porta de Correr 1006 STAM \/ Lan\u00e7amento&rdquo;\" rel=\"nofollow\">Leia mais<\/a><\/li>\r\n<li class=\"post-890 product type-product status-publish has-post-thumbnail product_cat-fechadura-auxiliar post post-with-thumbnail post-with-thumbnail-large instock shipping-taxable product-type-simple\">\r\n\t<a href=\"https:\/\/fechalar.com.br\/?product=fechadura-rolete-1025-banheiro-stam\" class=\"woocommerce-LoopProduct-link woocommerce-loop-product__link\"><img width=\"273\" height=\"300\" src=\"https:\/\/fechalar.com.br\/wp-content\/uploads\/2017\/02\/148Fechadura-Stam-Pivotante-1025roseta-quadrada_2.jpg\" class=\"attachment-woocommerce_thumbnail size-woocommerce_thumbnail wp-post-image\" alt=\"\" loading=\"lazy\" srcset=\"https:\/\/fechalar.com.br\/wp-content\/uploads\/2017\/02\/148Fechadura-Stam-Pivotante-1025roseta-quadrada_2.jpg 500w, https:\/\/fechalar.com.br\/wp-content\/uploads\/2017\/02\/148Fechadura-Stam-Pivotante-1025roseta-quadrada_2-136x150.jpg 136w, https:\/\/fechalar.com.br\/wp-content\/uploads\/2017\/02\/148Fechadura-Stam-Pivotante-1025roseta-quadrada_2-273x300.jpg 273w\" sizes=\"(max-width: 273px) 100vw, 273px\" \/><h2 class=\"woocommerce-loop-product__title\">Fechadura Rolete 1025 Banheiro STAM<\/h2>\r\n<\/a><a href=\"https:\/\/fechalar.com.br\/?product=fechadura-rolete-1025-banheiro-stam\" data-quantity=\"1\" class=\"button product_type_simple ajax_add_to_cart\" data-product_id=\"890\" data-product_sku=\"\" aria-label=\"Leia mais sobre &ldquo;Fechadura Rolete 1025 Banheiro STAM&rdquo;\" rel=\"nofollow\">Leia mais<\/a><\/li>\r\n<li class=\"post-888 product type-product status-publish has-post-thumbnail product_cat-fechadura-auxiliar post post-with-thumbnail post-with-thumbnail-large last instock shipping-taxable product-type-simple\">\r\n\t<a href=\"https:\/\/fechalar.com.br\/?product=fechadura-rolete-tetra-1005-stam\" class=\"woocommerce-LoopProduct-link woocommerce-loop-product__link\"><img width=\"273\" height=\"300\" src=\"https:\/\/fechalar.com.br\/wp-content\/uploads\/2017\/02\/147Fechadura-Stam-Pivotante-1005tetra_roseta-redonda.jpg\" class=\"attachment-woocommerce_thumbnail size-woocommerce_thumbnail wp-post-image\" alt=\"\" loading=\"lazy\" srcset=\"https:\/\/fechalar.com.br\/wp-content\/uploads\/2017\/02\/147Fechadura-Stam-Pivotante-1005tetra_roseta-redonda.jpg 500w, https:\/\/fechalar.com.br\/wp-content\/uploads\/2017\/02\/147Fechadura-Stam-Pivotante-1005tetra_roseta-redonda-136x150.jpg 136w, https:\/\/fechalar.com.br\/wp-content\/uploads\/2017\/02\/147Fechadura-Stam-Pivotante-1005tetra_roseta-redonda-273x300.jpg 273w\" sizes=\"(max-width: 273px) 100vw, 273px\" \/><h2 class=\"woocommerce-loop-product__title\">Fechadura Rolete TETRA 1005 STAM<\/h2>\r\n<\/a><a href=\"https:\/\/fechalar.com.br\/?product=fechadura-rolete-tetra-1005-stam\" data-quantity=\"1\" class=\"button product_type_simple ajax_add_to_cart\" data-product_id=\"888\" data-product_sku=\"\" aria-label=\"Leia mais sobre &ldquo;Fechadura Rolete TETRA 1005 STAM&rdquo;\" rel=\"nofollow\">Leia mais<\/a><\/li>\r\n<\/ul>\r\n<\/div><\/div>\n\t\t<\/div><\/div><\/div><\/div>","protected":false},"excerpt":{"rendered":"<p>Destaques Produtos especialmente selecionados para voc\u00ea Fechadura Eletr\u00f4nica para M\u00f3veis Leia mais Fechadura Smart Lock Papaiz Leia mais Residenciais Premium Blim-Blim 650 Lat\u00e3o AROUCA Leia mais Cofre Standard Home Leia mais Novidades Confira nossas \u00faltimas novidades Fechadura Eletr\u00f4nica para M\u00f3veis Leia mais Fechadura Smart Lock Papaiz Leia mais Campainha Sem Fio &#8211; Bivolt Leia mais [&hellip;]<\/p>\n","protected":false},"author":1,"featured_media":0,"parent":0,"menu_order":0,"comment_status":"closed","ping_status":"closed","template":"home-panels.php","meta":[],"_links":{"self":[{"href":"https:\/\/fechalar.com.br\/index.php?rest_route=\/wp\/v2\/pages\/17"}],"collection":[{"href":"https:\/\/fechalar.com.br\/index.php?rest_route=\/wp\/v2\/pages"}],"about":[{"href":"https:\/\/fechalar.com.br\/index.php?rest_route=\/wp\/v2\/types\/page"}],"author":[{"embeddable":true,"href":"https:\/\/fechalar.com.br\/index.php?rest_route=\/wp\/v2\/users\/1"}],"replies":[{"embeddable":true,"href":"https:\/\/fechalar.com.br\/index.php?rest_route=%2Fwp%2Fv2%2Fcomments&post=17"}],"version-history":[{"count":1,"href":"https:\/\/fechalar.com.br\/index.php?rest_route=\/wp\/v2\/pages\/17\/revisions"}],"predecessor-version":[{"id":28,"href":"https:\/\/fechalar.com.br\/index.php?rest_route=\/wp\/v2\/pages\/17\/revisions\/28"}],"wp:attachment":[{"href":"https:\/\/fechalar.com.br\/index.php?rest_route=%2Fwp%2Fv2%2Fmedia&parent=17"}],"curies":[{"name":"wp","href":"https:\/\/api.w.org\/{rel}","templated":true}]}}