{"id":40,"date":"2016-11-01T14:22:18","date_gmt":"2016-11-01T16:22:18","guid":{"rendered":"http:\/\/www.fechalar.com.br\/?page_id=40"},"modified":"2016-12-18T11:52:49","modified_gmt":"2016-12-18T13:52:49","slug":"dicas","status":"publish","type":"page","link":"https:\/\/fechalar.com.br\/?page_id=40","title":{"rendered":"Dicas"},"content":{"rendered":"<p style=\"text-align: justify;\"><span style=\"color: #333333;\">*\u00a0As fechaduras e guarni\u00e7\u00f5es s\u00f3 devem ser instaladas ap\u00f3s a pintura das portas, para evitar que sejam danificadas.<\/span><br \/>\n<span style=\"color: #333333;\"> *\u00a0A aplica\u00e7\u00e3o de qualquer produto qu\u00edmico como solvente, \u00e1lcool, etc., pode danificar o acabamento das guarni\u00e7\u00f5es, pois retira o verniz protetor. Recomenda-se portanto, apenas um pano \u00famido para a limpeza destas pe\u00e7as.<\/span><br \/>\n<span style=\"color: #333333;\"> *Os espelhos de a\u00e7o inox s\u00e3o revestidos por uma pel\u00edcula que protege o seu acabamento.<\/span><br \/>\n<span style=\"color: #333333;\"> Somente retirar esta prote\u00e7\u00e3o quando terminar a pintura da obra.<\/span><br \/>\n<span style=\"color: #333333;\"> *Os espelhos estampados possuem as bordas cortantes. Recomenda-se cuidado na instala\u00e7\u00e3o. Quando instalados, n\u00e3o apresentam mais riscos.<\/span><br \/>\n<span style=\"color: #333333;\"> *Nunca lubrifique o cilindro com \u00f3leo ou graxa. Utilize apenas p\u00f3 de grafite.<\/span><\/p>\n<h3><span style=\"color: #ff6600;\">Conjuntos \/ Guarni\u00e7\u00f5es<\/span><\/h3>\n<p>1 Espelhos (ou entradas de chaves e rosetas de ma\u00e7anetas);<br \/>\n2 Ma\u00e7anetas (modelos alavanca ou bola);<br \/>\n3 Chaves (portas externas e internas) ou tranquetas (portas de banheiros);<br \/>\nObserva\u00e7\u00e3o: A mat\u00e9ria-prima para produ\u00e7\u00e3o destes componentes pode variar entre ferro, a\u00e7o inox, zamac e lat\u00e3o.<\/p>\n<h3><span style=\"color: #ff6600;\">Componentes Gerais<\/span><\/h3>\n<p><img loading=\"lazy\" class=\"alignnone wp-image-288 \" src=\"http:\/\/www.fechalar.com.br\/wp-content\/uploads\/2016\/11\/Montagem-Conjunto-IMAB-300x148.jpg\" width=\"900\" height=\"444\" srcset=\"https:\/\/fechalar.com.br\/wp-content\/uploads\/2016\/11\/Montagem-Conjunto-IMAB-300x148.jpg 300w, https:\/\/fechalar.com.br\/wp-content\/uploads\/2016\/11\/Montagem-Conjunto-IMAB-150x74.jpg 150w, https:\/\/fechalar.com.br\/wp-content\/uploads\/2016\/11\/Montagem-Conjunto-IMAB-768x379.jpg 768w, https:\/\/fechalar.com.br\/wp-content\/uploads\/2016\/11\/Montagem-Conjunto-IMAB.jpg 960w\" sizes=\"(max-width: 900px) 100vw, 900px\" \/><\/p>\n","protected":false},"excerpt":{"rendered":"<p>*\u00a0As fechaduras e guarni\u00e7\u00f5es s\u00f3 devem ser instaladas ap\u00f3s a pintura das portas, para evitar que sejam danificadas. *\u00a0A aplica\u00e7\u00e3o de qualquer produto qu\u00edmico como solvente, \u00e1lcool, etc., pode danificar o acabamento das guarni\u00e7\u00f5es, pois retira o verniz protetor. Recomenda-se portanto, apenas um pano \u00famido para a limpeza destas pe\u00e7as. *Os espelhos de a\u00e7o inox [&hellip;]<\/p>\n","protected":false},"author":1,"featured_media":0,"parent":0,"menu_order":0,"comment_status":"closed","ping_status":"closed","template":"","meta":[],"_links":{"self":[{"href":"https:\/\/fechalar.com.br\/index.php?rest_route=\/wp\/v2\/pages\/40"}],"collection":[{"href":"https:\/\/fechalar.com.br\/index.php?rest_route=\/wp\/v2\/pages"}],"about":[{"href":"https:\/\/fechalar.com.br\/index.php?rest_route=\/wp\/v2\/types\/page"}],"author":[{"embeddable":true,"href":"https:\/\/fechalar.com.br\/index.php?rest_route=\/wp\/v2\/users\/1"}],"replies":[{"embeddable":true,"href":"https:\/\/fechalar.com.br\/index.php?rest_route=%2Fwp%2Fv2%2Fcomments&post=40"}],"version-history":[{"count":8,"href":"https:\/\/fechalar.com.br\/index.php?rest_route=\/wp\/v2\/pages\/40\/revisions"}],"predecessor-version":[{"id":793,"href":"https:\/\/fechalar.com.br\/index.php?rest_route=\/wp\/v2\/pages\/40\/revisions\/793"}],"wp:attachment":[{"href":"https:\/\/fechalar.com.br\/index.php?rest_route=%2Fwp%2Fv2%2Fmedia&parent=40"}],"curies":[{"name":"wp","href":"https:\/\/api.w.org\/{rel}","templated":true}]}}