{"id":353,"date":"2016-11-16T09:12:01","date_gmt":"2016-11-16T11:12:01","guid":{"rendered":"http:\/\/www.fechalar.com.br\/?post_type=product&#038;p=353"},"modified":"2021-06-03T19:16:57","modified_gmt":"2021-06-03T22:16:57","slug":"macaneta-p-barra-5112","status":"publish","type":"product","link":"https:\/\/fechalar.com.br\/?product=macaneta-p-barra-5112","title":{"rendered":"Fechadura 5123 Barra Prata"},"content":{"rendered":"<p>*Ma\u00e7aneta para Barra Anti-P\u00e2nico<\/p>\n<p>*C\u00f3digo do produto: 2508003<\/p>\n<p>*Caracter\u00edsticas T\u00e9cnicas:<\/p>\n<ul>\n<li>\u00a0Dispon\u00edveis no acabamento prata;<\/li>\n<li>\u00a0Adaptador compat\u00edvel com os modelos 1700 e 1800 de Barra Anti-P\u00e2nico;<\/li>\n<li>\u00a0Produto segue a norma brasileira de seguran\u00e7a em vigor.<\/li>\n<\/ul>\n<p>*Aplica\u00e7\u00e3o:<\/p>\n<ul>\n<li>Em portas com sistema de Barra Anti-P\u00e2nico.<\/li>\n<\/ul>\n","protected":false},"excerpt":{"rendered":"<p>*Ma\u00e7aneta para Barra Anti-P\u00e2nico *C\u00f3digo do produto: 2508003 *Caracter\u00edsticas T\u00e9cnicas: \u00a0Dispon\u00edveis no acabamento prata; \u00a0Adaptador compat\u00edvel com os modelos 1700 e 1800 de Barra Anti-P\u00e2nico; \u00a0Produto segue a norma brasileira de seguran\u00e7a em vigor. *Aplica\u00e7\u00e3o: Em portas com sistema de Barra Anti-P\u00e2nico.<\/p>\n","protected":false},"featured_media":973,"comment_status":"open","ping_status":"closed","template":"","meta":[],"_links":{"self":[{"href":"https:\/\/fechalar.com.br\/index.php?rest_route=\/wp\/v2\/product\/353"}],"collection":[{"href":"https:\/\/fechalar.com.br\/index.php?rest_route=\/wp\/v2\/product"}],"about":[{"href":"https:\/\/fechalar.com.br\/index.php?rest_route=\/wp\/v2\/types\/product"}],"replies":[{"embeddable":true,"href":"https:\/\/fechalar.com.br\/index.php?rest_route=%2Fwp%2Fv2%2Fcomments&post=353"}],"wp:featuredmedia":[{"embeddable":true,"href":"https:\/\/fechalar.com.br\/index.php?rest_route=\/wp\/v2\/media\/973"}],"wp:attachment":[{"href":"https:\/\/fechalar.com.br\/index.php?rest_route=%2Fwp%2Fv2%2Fmedia&parent=353"}],"curies":[{"name":"wp","href":"https:\/\/api.w.org\/{rel}","templated":true}]}}