{"id":685,"date":"2016-11-19T15:13:10","date_gmt":"2016-11-19T17:13:10","guid":{"rendered":"http:\/\/www.fechalar.com.br\/?post_type=product&#038;p=685"},"modified":"2016-12-17T20:09:45","modified_gmt":"2016-12-17T22:09:45","slug":"cofre-mini-yale-rosa","status":"publish","type":"product","link":"https:\/\/fechalar.com.br\/?product=cofre-mini-yale-rosa","title":{"rendered":"Cofre Mini Yale &#8211; Rosa"},"content":{"rendered":"<p><span style=\"color: #ff6600;\">Cofre Mini Yale \u2013 Rosa<\/span><\/p>\n<ul>\n<li><span style=\"color: #333333;\">Vers\u00e3o compacta e discreta, ideal para quem necessita de economia de espa\u00e7o;<\/span><\/li>\n<li><span style=\"color: #333333;\">Medidas: 160 x 220 x 120mm (interior) e 170 x 230 x 170mm (externa);<\/span><\/li>\n<li><span style=\"color: #333333;\">Funcionamento com 4 pilhas AA;<\/span><\/li>\n<li><span style=\"color: #333333;\">Teclado com l\u00e2mpadas em LED que acendem com a digita\u00e7\u00e3o da senha (verde para senha correta e vermelho para senha incorreta);<\/span><\/li>\n<li><span style=\"color: #333333;\">Abertura por senha ou chave de emerg\u00eancia;<\/span><\/li>\n<li><span style=\"color: #333333;\">Permite o cadastro de 1 senha de 3 a 8 d\u00edgitos;<\/span><\/li>\n<li><span style=\"color: #333333;\">Acompanha 2 chaves de emerg\u00eancia.<\/span><\/li>\n<li><span style=\"color: #333333;\">Fornecedor: Yale Lafonte<\/span><\/li>\n<\/ul>\n","protected":false},"excerpt":{"rendered":"<p>Cofre Mini Yale \u2013 Rosa Vers\u00e3o compacta e discreta, ideal para quem necessita de economia de espa\u00e7o; Medidas: 160 x 220 x 120mm (interior) e 170 x 230 x 170mm (externa); Funcionamento com 4 pilhas AA; Teclado com l\u00e2mpadas em LED que acendem com a digita\u00e7\u00e3o da senha (verde para senha correta e vermelho para [&hellip;]<\/p>\n","protected":false},"featured_media":686,"comment_status":"open","ping_status":"closed","template":"","meta":[],"_links":{"self":[{"href":"https:\/\/fechalar.com.br\/index.php?rest_route=\/wp\/v2\/product\/685"}],"collection":[{"href":"https:\/\/fechalar.com.br\/index.php?rest_route=\/wp\/v2\/product"}],"about":[{"href":"https:\/\/fechalar.com.br\/index.php?rest_route=\/wp\/v2\/types\/product"}],"replies":[{"embeddable":true,"href":"https:\/\/fechalar.com.br\/index.php?rest_route=%2Fwp%2Fv2%2Fcomments&post=685"}],"wp:featuredmedia":[{"embeddable":true,"href":"https:\/\/fechalar.com.br\/index.php?rest_route=\/wp\/v2\/media\/686"}],"wp:attachment":[{"href":"https:\/\/fechalar.com.br\/index.php?rest_route=%2Fwp%2Fv2%2Fmedia&parent=685"}],"curies":[{"name":"wp","href":"https:\/\/api.w.org\/{rel}","templated":true}]}}