{"id":692,"date":"2016-11-19T15:25:19","date_gmt":"2016-11-19T17:25:19","guid":{"rendered":"http:\/\/www.fechalar.com.br\/?post_type=product&#038;p=692"},"modified":"2021-06-03T19:52:36","modified_gmt":"2021-06-03T22:52:36","slug":"cofre-standard-home","status":"publish","type":"product","link":"https:\/\/fechalar.com.br\/?product=cofre-standard-home","title":{"rendered":"Cofre Standard Home"},"content":{"rendered":"<p id=\"ctl00_ctl00_bodyRegion_pageRegion_ContentRegion_MainContentRegion_applicationRegion_ctrlProductInfo_ctrlDescriptions_ctl01_ctl00_ctrlDescription\"><span style=\"color: #ff6600;\"><strong>Cofre Standard <em>Home<\/em><\/strong><\/span><\/p>\n<p><span style=\"color: #333333;\">O modelo mais indicado para aplica\u00e7\u00f5es residenciais, com tamanho ideal\u00a0e excelente custo benef\u00edcio.<\/span><\/p>\n<ul>\n<li><span style=\"color: #333333;\">Dobradi\u00e7as refor\u00e7adas<\/span><\/li>\n<li><span style=\"color: #333333;\">Travas a prova de impacto<\/span><\/li>\n<li><span style=\"color: #333333;\">Acabamento em pintura epoxi<\/span><\/li>\n<li><span style=\"color: #333333;\">Display LCD iluminado<\/span><\/li>\n<li><span style=\"color: #333333;\">Funciona com 4 baterias AA 1.5V<\/span><\/li>\n<li><span style=\"color: #333333;\">Sinaliza quando a bateria est\u00e1 acabando<\/span><\/li>\n<\/ul>\n<p><span style=\"color: #333333;\">Seu mecanismo de travamento possui travas motorizadas em a\u00e7o maci\u00e7o e possibilita abertura de emerg\u00eancia atrav\u00e9s de chave de seguran\u00e7a.<\/span><\/p>\n<ul>\n<li><span style=\"color: #333333;\">Dimens\u00f5es externas: 250x350x300mm<\/span><\/li>\n<li><span style=\"color: #333333;\">Dimens\u00f5es internas: 242x345x245mm<\/span><\/li>\n<li><span style=\"color: #333333;\">Fornecedor: Yale Lafonte<\/span><\/li>\n<\/ul>\n","protected":false},"excerpt":{"rendered":"<p>Cofre Standard Home O modelo mais indicado para aplica\u00e7\u00f5es residenciais, com tamanho ideal\u00a0e excelente custo benef\u00edcio. Dobradi\u00e7as refor\u00e7adas Travas a prova de impacto Acabamento em pintura epoxi Display LCD iluminado Funciona com 4 baterias AA 1.5V Sinaliza quando a bateria est\u00e1 acabando Seu mecanismo de travamento possui travas motorizadas em a\u00e7o maci\u00e7o e possibilita abertura [&hellip;]<\/p>\n","protected":false},"featured_media":693,"comment_status":"open","ping_status":"closed","template":"","meta":[],"_links":{"self":[{"href":"https:\/\/fechalar.com.br\/index.php?rest_route=\/wp\/v2\/product\/692"}],"collection":[{"href":"https:\/\/fechalar.com.br\/index.php?rest_route=\/wp\/v2\/product"}],"about":[{"href":"https:\/\/fechalar.com.br\/index.php?rest_route=\/wp\/v2\/types\/product"}],"replies":[{"embeddable":true,"href":"https:\/\/fechalar.com.br\/index.php?rest_route=%2Fwp%2Fv2%2Fcomments&post=692"}],"wp:featuredmedia":[{"embeddable":true,"href":"https:\/\/fechalar.com.br\/index.php?rest_route=\/wp\/v2\/media\/693"}],"wp:attachment":[{"href":"https:\/\/fechalar.com.br\/index.php?rest_route=%2Fwp%2Fv2%2Fmedia&parent=692"}],"curies":[{"name":"wp","href":"https:\/\/api.w.org\/{rel}","templated":true}]}}