{"id":694,"date":"2016-11-19T15:27:10","date_gmt":"2016-11-19T17:27:10","guid":{"rendered":"http:\/\/www.fechalar.com.br\/?post_type=product&#038;p=694"},"modified":"2016-12-17T20:10:43","modified_gmt":"2016-12-17T22:10:43","slug":"cofre-standard-laptop","status":"publish","type":"product","link":"https:\/\/fechalar.com.br\/?product=cofre-standard-laptop","title":{"rendered":"Cofre Standard Laptop"},"content":{"rendered":"<p id=\"ctl00_ctl00_bodyRegion_pageRegion_ContentRegion_MainContentRegion_applicationRegion_ctrlProductInfo_ctrlDescriptions_ctl01_ctl00_ctrlDescription\"><span style=\"color: #ff6600;\"><strong>Cofre Standard <em>Laptop<\/em><\/strong><\/span><\/p>\n<p><span style=\"color: #ff6600;\">\u00a0<\/span><\/p>\n<p><span style=\"color: #333333;\">Cofre com tamanho ideal para guardar seu laptop ou netbook, sendo a op\u00e7\u00e3o mais vers\u00e1til para escrit\u00f3rios ou resid\u00eancias, com excelente custo benef\u00edcio e design exclusivo.<\/span><\/p>\n<ul>\n<li><span style=\"color: #333333;\">Dobradi\u00e7as refor\u00e7adas<\/span><\/li>\n<li><span style=\"color: #333333;\">Travas a prova de impacto<\/span><\/li>\n<li><span style=\"color: #333333;\">Acabamento em pintura epoxi<\/span><\/li>\n<li><span style=\"color: #333333;\">Display de LCD iluminado<\/span><\/li>\n<li><span style=\"color: #333333;\">Funciona com 4 baterias AA 1.5V<\/span><\/li>\n<li><span style=\"color: #333333;\">Sinaliza quando a bateria est\u00e1 acabando<\/span><\/li>\n<\/ul>\n<p><span style=\"color: #333333;\">Seu mecanismo de travamento possui travas motorizadas em a\u00e7o maci\u00e7o e possibilita abertura de emerg\u00eancia atrav\u00e9s de chave de seguran\u00e7a.<\/span><\/p>\n<ul>\n<li><span style=\"color: #333333;\">Dimens\u00f5es externas: 200x480x350mm<\/span><\/li>\n<li><span style=\"color: #333333;\">Dimens\u00f5es internas: 192x475x295mm<\/span><\/li>\n<li><span style=\"color: #333333;\">Fornecedor: Yale Lafonte<\/span><\/li>\n<\/ul>\n","protected":false},"excerpt":{"rendered":"<p>Cofre Standard Laptop \u00a0 Cofre com tamanho ideal para guardar seu laptop ou netbook, sendo a op\u00e7\u00e3o mais vers\u00e1til para escrit\u00f3rios ou resid\u00eancias, com excelente custo benef\u00edcio e design exclusivo. Dobradi\u00e7as refor\u00e7adas Travas a prova de impacto Acabamento em pintura epoxi Display de LCD iluminado Funciona com 4 baterias AA 1.5V Sinaliza quando a bateria [&hellip;]<\/p>\n","protected":false},"featured_media":695,"comment_status":"open","ping_status":"closed","template":"","meta":[],"_links":{"self":[{"href":"https:\/\/fechalar.com.br\/index.php?rest_route=\/wp\/v2\/product\/694"}],"collection":[{"href":"https:\/\/fechalar.com.br\/index.php?rest_route=\/wp\/v2\/product"}],"about":[{"href":"https:\/\/fechalar.com.br\/index.php?rest_route=\/wp\/v2\/types\/product"}],"replies":[{"embeddable":true,"href":"https:\/\/fechalar.com.br\/index.php?rest_route=%2Fwp%2Fv2%2Fcomments&post=694"}],"wp:featuredmedia":[{"embeddable":true,"href":"https:\/\/fechalar.com.br\/index.php?rest_route=\/wp\/v2\/media\/695"}],"wp:attachment":[{"href":"https:\/\/fechalar.com.br\/index.php?rest_route=%2Fwp%2Fv2%2Fmedia&parent=694"}],"curies":[{"name":"wp","href":"https:\/\/api.w.org\/{rel}","templated":true}]}}