{"id":696,"date":"2016-11-19T15:29:09","date_gmt":"2016-11-19T17:29:09","guid":{"rendered":"http:\/\/www.fechalar.com.br\/?post_type=product&#038;p=696"},"modified":"2016-12-17T20:10:15","modified_gmt":"2016-12-17T22:10:15","slug":"cofre-standard-home-c-biometria","status":"publish","type":"product","link":"https:\/\/fechalar.com.br\/?product=cofre-standard-home-c-biometria","title":{"rendered":"Cofre Standard Home C\/ Biometria"},"content":{"rendered":"<p><span style=\"color: #ff6600;\">Cofre Standard Home C\/ Biometria<\/span><\/p>\n<ul>\n<li><span style=\"color: #333333;\">Abertura por impress\u00e3o digital;<\/span><\/li>\n<li><span style=\"color: #333333;\">Permite at\u00e9 100 cadastros;<\/span><\/li>\n<li><span style=\"color: #333333;\">Possui chave para abertura manual;<\/span><\/li>\n<li><span style=\"color: #333333;\">Mais de 100.000 combina\u00e7\u00f5es de senhas poss\u00edveis;<\/span><\/li>\n<li><span style=\"color: #333333;\">Teclado de f\u00e1cil opera\u00e7\u00e3o.<\/span><\/li>\n<\/ul>\n<ul>\n<li><span style=\"color: #333333;\">Mecanismo motorizado de abertura;<\/span><\/li>\n<li><span style=\"color: #333333;\">Funciona com apenas 4 pilhas AA;<\/span><\/li>\n<li><span style=\"color: #333333;\">Indica o n\u00edvel de pilhas, para possibilitar a troca;<\/span><\/li>\n<li><span style=\"color: #333333;\">Possui furos para fixa\u00e7\u00e3o interna;<\/span><\/li>\n<li><span style=\"color: #333333;\">Bot\u00e3o de programa\u00e7\u00e3o para cadastro de usu\u00e1rios.<\/span><\/li>\n<li><span style=\"color: #333333;\">Fornecedor: Yale Lafonte<\/span><\/li>\n<\/ul>\n","protected":false},"excerpt":{"rendered":"<p>Cofre Standard Home C\/ Biometria Abertura por impress\u00e3o digital; Permite at\u00e9 100 cadastros; Possui chave para abertura manual; Mais de 100.000 combina\u00e7\u00f5es de senhas poss\u00edveis; Teclado de f\u00e1cil opera\u00e7\u00e3o. Mecanismo motorizado de abertura; Funciona com apenas 4 pilhas AA; Indica o n\u00edvel de pilhas, para possibilitar a troca; Possui furos para fixa\u00e7\u00e3o interna; Bot\u00e3o de [&hellip;]<\/p>\n","protected":false},"featured_media":697,"comment_status":"open","ping_status":"closed","template":"","meta":[],"_links":{"self":[{"href":"https:\/\/fechalar.com.br\/index.php?rest_route=\/wp\/v2\/product\/696"}],"collection":[{"href":"https:\/\/fechalar.com.br\/index.php?rest_route=\/wp\/v2\/product"}],"about":[{"href":"https:\/\/fechalar.com.br\/index.php?rest_route=\/wp\/v2\/types\/product"}],"replies":[{"embeddable":true,"href":"https:\/\/fechalar.com.br\/index.php?rest_route=%2Fwp%2Fv2%2Fcomments&post=696"}],"wp:featuredmedia":[{"embeddable":true,"href":"https:\/\/fechalar.com.br\/index.php?rest_route=\/wp\/v2\/media\/697"}],"wp:attachment":[{"href":"https:\/\/fechalar.com.br\/index.php?rest_route=%2Fwp%2Fv2%2Fmedia&parent=696"}],"curies":[{"name":"wp","href":"https:\/\/api.w.org\/{rel}","templated":true}]}}