{"id":709,"date":"2016-11-19T16:24:02","date_gmt":"2016-11-19T18:24:02","guid":{"rendered":"http:\/\/www.fechalar.com.br\/?post_type=product&#038;p=709"},"modified":"2016-12-17T19:59:43","modified_gmt":"2016-12-17T21:59:43","slug":"fechadura-biometrica-ymf-40","status":"publish","type":"product","link":"https:\/\/fechalar.com.br\/?product=fechadura-biometrica-ymf-40","title":{"rendered":"Fechadura Biom\u00e9trica YMF 40"},"content":{"rendered":"<p><span style=\"color: #ff6600;\">Caracter\u00edsticas T\u00e9cnicas:<\/span><\/p>\n<ul>\n<li><span style=\"color: #333333;\">C\u00f3digo: 05421001-1<\/span><\/li>\n<li><span style=\"color: #333333;\">Aplica\u00e7\u00e3o: Portas de madeira<\/span><\/li>\n<li><span style=\"color: #333333;\">Tipo de porta: Giro<\/span><\/li>\n<li><span style=\"color: #333333;\">Recomenda\u00e7\u00e3o de uso: Sem puxador<\/span><\/li>\n<li><span style=\"color: #333333;\">Espessura de porta: 35mm a 100mm<\/span><\/li>\n<li><span style=\"color: #333333;\">Tipo de instala\u00e7\u00e3o: Embutir<\/span><\/li>\n<li><span style=\"color: #333333;\">Formas de abertura: Impress\u00e3o digital,senha e chave<\/span><\/li>\n<li><span style=\"color: #333333;\">N\u00fameros de registros: 30 senhas e 20 impress\u00f5es digitais<\/span><\/li>\n<li><span style=\"color: #333333;\">Guia de voz: Portugu\u00eas,Ingl\u00eas,Espanhol e Chin\u00eas<\/span><\/li>\n<li><span style=\"color: #333333;\">Guia de status: Visual e sonoro<\/span><\/li>\n<li><span style=\"color: #333333;\">Alarme anti-vandalismo: Sim<\/span><\/li>\n<li><span style=\"color: #333333;\">Entrada de bateria externa,caso esgotem as pilhas: Sim<\/span><\/li>\n<li><span style=\"color: #333333;\">Fechamento manual ou autom\u00e1tico: Sim<\/span><\/li>\n<li><span style=\"color: #333333;\">Acionamento via controle remoto: Sim (Vendido separadamente)<\/span><\/li>\n<li><span style=\"color: #333333;\">Senha falsa (Qualquer sequ\u00eancia antes ou depois da senha principal): Sim<\/span><\/li>\n<li><span style=\"color: #333333;\">Alimenta\u00e7\u00e3o: 4 pilhas AA<\/span><\/li>\n<li><span style=\"color: #333333;\">Medidas externas A x L x P (Frente): 320 x 66 x 29<\/span><\/li>\n<li><span style=\"color: #333333;\">Medidas internas A x L x P (Verso): 320 x 66 x 31<\/span><\/li>\n<li><span style=\"color: #333333;\">Garantia: 1 ano\u00a0<\/span><\/li>\n<li><span style=\"color: #333333;\">Fornecedor: Yale Lafonte<\/span><\/li>\n<\/ul>\n","protected":false},"excerpt":{"rendered":"<p>Caracter\u00edsticas T\u00e9cnicas: C\u00f3digo: 05421001-1 Aplica\u00e7\u00e3o: Portas de madeira Tipo de porta: Giro Recomenda\u00e7\u00e3o de uso: Sem puxador Espessura de porta: 35mm a 100mm Tipo de instala\u00e7\u00e3o: Embutir Formas de abertura: Impress\u00e3o digital,senha e chave N\u00fameros de registros: 30 senhas e 20 impress\u00f5es digitais Guia de voz: Portugu\u00eas,Ingl\u00eas,Espanhol e Chin\u00eas Guia de status: Visual e sonoro [&hellip;]<\/p>\n","protected":false},"featured_media":710,"comment_status":"open","ping_status":"closed","template":"","meta":[],"_links":{"self":[{"href":"https:\/\/fechalar.com.br\/index.php?rest_route=\/wp\/v2\/product\/709"}],"collection":[{"href":"https:\/\/fechalar.com.br\/index.php?rest_route=\/wp\/v2\/product"}],"about":[{"href":"https:\/\/fechalar.com.br\/index.php?rest_route=\/wp\/v2\/types\/product"}],"replies":[{"embeddable":true,"href":"https:\/\/fechalar.com.br\/index.php?rest_route=%2Fwp%2Fv2%2Fcomments&post=709"}],"wp:featuredmedia":[{"embeddable":true,"href":"https:\/\/fechalar.com.br\/index.php?rest_route=\/wp\/v2\/media\/710"}],"wp:attachment":[{"href":"https:\/\/fechalar.com.br\/index.php?rest_route=%2Fwp%2Fv2%2Fmedia&parent=709"}],"curies":[{"name":"wp","href":"https:\/\/api.w.org\/{rel}","templated":true}]}}