{"id":715,"date":"2016-11-19T16:33:31","date_gmt":"2016-11-19T18:33:31","guid":{"rendered":"http:\/\/www.fechalar.com.br\/?post_type=product&#038;p=715"},"modified":"2021-06-03T19:23:52","modified_gmt":"2021-06-03T22:23:52","slug":"fechadura-biometrica-ydf-40","status":"publish","type":"product","link":"https:\/\/fechalar.com.br\/?product=fechadura-biometrica-ydf-40","title":{"rendered":"Fechadura Biom\u00e9trica YDF 40 RL"},"content":{"rendered":"<p><span style=\"color: #ff6600;\">Caracter\u00edsticas T\u00e9cnicas:<\/span><\/p>\n<table>\n<tbody>\n<tr>\n<td>Nome<\/td>\n<td>Fechadura Biom\u00e9trica Yale YDF 40 RL com Fecho Rolete<\/td>\n<\/tr>\n<tr>\n<td>Marca<\/td>\n<td>Yale<\/td>\n<\/tr>\n<tr>\n<td>Modelo<\/td>\n<td>YDF 40<\/td>\n<\/tr>\n<tr>\n<td>Cor Principal<\/td>\n<td>Preta<\/td>\n<\/tr>\n<tr>\n<td>Cor Secund\u00e1ria<\/td>\n<td>Prata<\/td>\n<\/tr>\n<tr>\n<td>Peso<\/td>\n<td>4.0000<\/td>\n<\/tr>\n<tr>\n<td>Dimens\u00f5es Externas (AxLxP)<\/td>\n<td>176 x 66 x 33 mm<\/td>\n<\/tr>\n<tr>\n<td>Dimens\u00f5es Internas (AxLxP)<\/td>\n<td>170 x 70 x 47 mm<\/td>\n<\/tr>\n<tr>\n<td>Alimenta\u00e7\u00e3o<\/td>\n<td>4 Pilhas AA<\/td>\n<\/tr>\n<tr>\n<td>Durabilidade<\/td>\n<td>Aproximadamente 1 ano com 10 aberturas por dia. Pilhas Alcalinas.<\/td>\n<\/tr>\n<tr>\n<td>Alimenta\u00e7\u00e3o Emergencial<\/td>\n<td>Sim<\/td>\n<\/tr>\n<tr>\n<td>Capacidade de Usu\u00e1rios<\/td>\n<td>50<\/td>\n<\/tr>\n<tr>\n<td>Usu\u00e1rio Administrador<\/td>\n<td>Sim<\/td>\n<\/tr>\n<tr>\n<td>M\u00e9todos de Abertura<\/td>\n<td>Biometria, Senha<\/td>\n<\/tr>\n<tr>\n<td>Capacidade Biometria<\/td>\n<td>20 biometrias<\/td>\n<\/tr>\n<tr>\n<td>Capacidade Senha<\/td>\n<td>30 senhas de 04 a 10 digitos<\/td>\n<\/tr>\n<tr>\n<td>Relat\u00f3rio de Acesso<\/td>\n<td>N\u00e3o<\/td>\n<\/tr>\n<tr>\n<td>Maquin\u00e1rio<\/td>\n<td>Embutido<\/td>\n<\/tr>\n<tr>\n<td>Ma\u00e7aneta<\/td>\n<td>N\u00e3o<\/td>\n<\/tr>\n<tr>\n<td>Lado de Abertura<\/td>\n<td>Revers\u00edvel<\/td>\n<\/tr>\n<tr>\n<td>Travamento autom\u00e1tico<\/td>\n<td>Sim<\/td>\n<\/tr>\n<tr>\n<td>Tempo Travamento Autom\u00e1tico<\/td>\n<td>30 segundos.<\/td>\n<\/tr>\n<tr>\n<td>Trava n\u00e3o perturbe<\/td>\n<td>Sim<\/td>\n<\/tr>\n<tr>\n<td>Modo passagem livre<\/td>\n<td>Sim<\/td>\n<\/tr>\n<tr>\n<td>Alarme contra invas\u00e3o<\/td>\n<td>N\u00e3o<\/td>\n<\/tr>\n<tr>\n<td>Alarme contra Acesso n\u00e3o Autorizado<\/td>\n<td>Sim<\/td>\n<\/tr>\n<tr>\n<td>Tentativas Acesso n\u00e3o Autorizado<\/td>\n<td>05 tentativas.<\/td>\n<\/tr>\n<tr>\n<td>Alarme contra Intrus\u00e3o<\/td>\n<td>N\u00e3o<\/td>\n<\/tr>\n<tr>\n<td>Alarme Pilha Fraca<\/td>\n<td>Sim<\/td>\n<\/tr>\n<tr>\n<td>Uso Externo<\/td>\n<td>N\u00e3o<\/td>\n<\/tr>\n<tr>\n<td>Tipo de Porta<\/td>\n<td>Porta Convencional, Porta Pivotante<\/td>\n<\/tr>\n<tr>\n<td>Material da Porta<\/td>\n<td>Ferro, Madeira<\/td>\n<\/tr>\n<tr>\n<td>Espessura M\u00ednima<\/td>\n<td>30<\/td>\n<\/tr>\n<tr>\n<td>Espessura M\u00e1xima<\/td>\n<td>57<\/td>\n<\/tr>\n<tr>\n<td>Garantia<\/td>\n<td>1 ano pelo fabricante<\/td>\n<\/tr>\n<\/tbody>\n<\/table>\n<p>&nbsp;<\/p>\n<p>&nbsp;<\/p>\n<p>&nbsp;<\/p>\n<p>&nbsp;<\/p>\n<p>&nbsp;<\/p>\n<p>&nbsp;<\/p>\n<p>&nbsp;<\/p>\n","protected":false},"excerpt":{"rendered":"<p>Caracter\u00edsticas T\u00e9cnicas: Nome Fechadura Biom\u00e9trica Yale YDF 40 RL com Fecho Rolete Marca Yale Modelo YDF 40 Cor Principal Preta Cor Secund\u00e1ria Prata Peso 4.0000 Dimens\u00f5es Externas (AxLxP) 176 x 66 x 33 mm Dimens\u00f5es Internas (AxLxP) 170 x 70 x 47 mm Alimenta\u00e7\u00e3o 4 Pilhas AA Durabilidade Aproximadamente 1 ano com 10 aberturas por [&hellip;]<\/p>\n","protected":false},"featured_media":713,"comment_status":"open","ping_status":"closed","template":"","meta":[],"_links":{"self":[{"href":"https:\/\/fechalar.com.br\/index.php?rest_route=\/wp\/v2\/product\/715"}],"collection":[{"href":"https:\/\/fechalar.com.br\/index.php?rest_route=\/wp\/v2\/product"}],"about":[{"href":"https:\/\/fechalar.com.br\/index.php?rest_route=\/wp\/v2\/types\/product"}],"replies":[{"embeddable":true,"href":"https:\/\/fechalar.com.br\/index.php?rest_route=%2Fwp%2Fv2%2Fcomments&post=715"}],"wp:featuredmedia":[{"embeddable":true,"href":"https:\/\/fechalar.com.br\/index.php?rest_route=\/wp\/v2\/media\/713"}],"wp:attachment":[{"href":"https:\/\/fechalar.com.br\/index.php?rest_route=%2Fwp%2Fv2%2Fmedia&parent=715"}],"curies":[{"name":"wp","href":"https:\/\/api.w.org\/{rel}","templated":true}]}}