{"id":788,"date":"2016-12-17T21:05:37","date_gmt":"2016-12-17T23:05:37","guid":{"rendered":"http:\/\/www.fechalar.com.br\/?post_type=product&#038;p=788"},"modified":"2019-10-06T19:55:40","modified_gmt":"2019-10-06T22:55:40","slug":"cadeado-tsa","status":"publish","type":"product","link":"https:\/\/fechalar.com.br\/?product=cadeado-tsa","title":{"rendered":"Cadeado TSA PADO"},"content":{"rendered":"<p><span style=\"color: #333333;\">Esta linha de cadeados permite que os consumidores tenham viagens ainda mais tranquilas e seguras. Com seu exclusivo sistema de alta tecnologia, os oficiais dos aeroportos &#8211; principalmente EUA e Jap\u00e3o, podem, com o aux\u00edlio de ferramentas pr\u00f3prias, abrir suas bagagens, revist\u00e1-las e fech\u00e1-las novamente sem a necessidade de arrombamento dos seus cadeados nem danos \u00e0 sua mala. O modelo com funcionalidade por segredo num\u00e9rico, conta com um pr\u00e1tico sistema de grava\u00e7\u00e3o de c\u00f3digo pessoal, onde o usu\u00e1rio pode escolher sua pr\u00f3pria combina\u00e7\u00e3o e troc\u00e1-la sempre que quiser.<\/span><\/p>\n<p><span style=\"color: #ff6600;\">Utiliza\u00e7\u00e3o:\u00a0<\/span><\/p>\n<div class=\"description\">\n<div><span style=\"color: #333333;\">Malas e Mochilas. Indicado para viagens internacionais.<\/span><\/div>\n<\/div>\n","protected":false},"excerpt":{"rendered":"<p>Esta linha de cadeados permite que os consumidores tenham viagens ainda mais tranquilas e seguras. Com seu exclusivo sistema de alta tecnologia, os oficiais dos aeroportos &#8211; principalmente EUA e Jap\u00e3o, podem, com o aux\u00edlio de ferramentas pr\u00f3prias, abrir suas bagagens, revist\u00e1-las e fech\u00e1-las novamente sem a necessidade de arrombamento dos seus cadeados nem danos [&hellip;]<\/p>\n","protected":false},"featured_media":939,"comment_status":"open","ping_status":"closed","template":"","meta":[],"_links":{"self":[{"href":"https:\/\/fechalar.com.br\/index.php?rest_route=\/wp\/v2\/product\/788"}],"collection":[{"href":"https:\/\/fechalar.com.br\/index.php?rest_route=\/wp\/v2\/product"}],"about":[{"href":"https:\/\/fechalar.com.br\/index.php?rest_route=\/wp\/v2\/types\/product"}],"replies":[{"embeddable":true,"href":"https:\/\/fechalar.com.br\/index.php?rest_route=%2Fwp%2Fv2%2Fcomments&post=788"}],"wp:featuredmedia":[{"embeddable":true,"href":"https:\/\/fechalar.com.br\/index.php?rest_route=\/wp\/v2\/media\/939"}],"wp:attachment":[{"href":"https:\/\/fechalar.com.br\/index.php?rest_route=%2Fwp%2Fv2%2Fmedia&parent=788"}],"curies":[{"name":"wp","href":"https:\/\/api.w.org\/{rel}","templated":true}]}}