{"id":933,"date":"2018-07-01T16:27:01","date_gmt":"2018-07-01T19:27:01","guid":{"rendered":"http:\/\/www.fechalar.com.br\/?post_type=product&#038;p=933"},"modified":"2019-10-06T19:53:35","modified_gmt":"2019-10-06T22:53:35","slug":"campainha-sem-fio-bivolt","status":"publish","type":"product","link":"https:\/\/fechalar.com.br\/?product=campainha-sem-fio-bivolt","title":{"rendered":"Campainha Sem Fio &#8211; Bivolt"},"content":{"rendered":"<p class=\"x_MsoNormal\">A Campainha Sem Fio Comfort Door possui um design moderno e elegante para todos os ambientes de sua casa ou escrit\u00f3rio.<\/p>\n<p class=\"x_MsoNormal\">Possui um longo alcance de opera\u00e7\u00e3o (100 metros), 52 toques diferentes para sua escolha, sinal luminoso e \u00e9 prova de \u00e1gua.<\/p>\n<p class=\"x_MsoNormal\">Um produto de f\u00e1cil instala\u00e7\u00e3o, pode ser aplicado com parafusos ou fita dupla face que acompanham o produto.<\/p>\n<p>&nbsp;<\/p>\n<div class=\"col-md-12\">\n<h3>Informa\u00e7\u00f5es T\u00e9cnicas<\/h3>\n<\/div>\n<div class=\"col-md-12\">\n<div class=\"table-responsive\">\n<table class=\"tabela\">\n<tbody>\n<tr>\n<td>Sem Fio<\/td>\n<td>Sim<\/td>\n<\/tr>\n<tr>\n<td>Cor<\/td>\n<td>Branco ou Preto<\/td>\n<\/tr>\n<tr>\n<td>Dist\u00e2ncia de Funcionamento<\/td>\n<td>At\u00e9 100 Metros<\/td>\n<\/tr>\n<tr>\n<td>Prote\u00e7\u00e3o Contra \u00c1gua<\/td>\n<td>Sim (Chuvas Leves e Respingos)<\/td>\n<\/tr>\n<tr>\n<td>Faixa Aud\u00edvel<\/td>\n<td>100 metros<\/td>\n<\/tr>\n<tr>\n<td>Toques Selecion\u00e1veis<\/td>\n<td>52 Toques<\/td>\n<\/tr>\n<tr>\n<td>Escala de Volume<\/td>\n<td>4 n\u00edveis, 25~110 dB<\/td>\n<\/tr>\n<tr>\n<td>Frequ\u00eancia de Transmiss\u00e3o<\/td>\n<td>433,92 MHz +- 280 kHz<\/td>\n<\/tr>\n<tr>\n<td>Temperatura de Trabalho<\/td>\n<td>-30\u00baC ~70\u00baC<\/td>\n<\/tr>\n<tr>\n<td>Expans\u00edvel<\/td>\n<td>Sim<\/td>\n<\/tr>\n<tr>\n<td>Fixa\u00e7\u00e3o (Campainha)<\/td>\n<td>Tomada<\/td>\n<\/tr>\n<tr>\n<td>Fixa\u00e7\u00e3o (Bot\u00e3o Acionador)<\/td>\n<td>Adesivo ou Parafusos (Inclusos)<\/td>\n<\/tr>\n<tr>\n<td>Fonte de Alimenta\u00e7\u00e3o<\/td>\n<td>85~265V &#8211; Bivolt<\/td>\n<\/tr>\n<\/tbody>\n<\/table>\n<\/div>\n<\/div>\n","protected":false},"excerpt":{"rendered":"<p>A Campainha Sem Fio Comfort Door possui um design moderno e elegante para todos os ambientes de sua casa ou escrit\u00f3rio. Possui um longo alcance de opera\u00e7\u00e3o (100 metros), 52 toques diferentes para sua escolha, sinal luminoso e \u00e9 prova de \u00e1gua. Um produto de f\u00e1cil instala\u00e7\u00e3o, pode ser aplicado com parafusos ou fita dupla [&hellip;]<\/p>\n","protected":false},"featured_media":934,"comment_status":"open","ping_status":"closed","template":"","meta":[],"_links":{"self":[{"href":"https:\/\/fechalar.com.br\/index.php?rest_route=\/wp\/v2\/product\/933"}],"collection":[{"href":"https:\/\/fechalar.com.br\/index.php?rest_route=\/wp\/v2\/product"}],"about":[{"href":"https:\/\/fechalar.com.br\/index.php?rest_route=\/wp\/v2\/types\/product"}],"replies":[{"embeddable":true,"href":"https:\/\/fechalar.com.br\/index.php?rest_route=%2Fwp%2Fv2%2Fcomments&post=933"}],"wp:featuredmedia":[{"embeddable":true,"href":"https:\/\/fechalar.com.br\/index.php?rest_route=\/wp\/v2\/media\/934"}],"wp:attachment":[{"href":"https:\/\/fechalar.com.br\/index.php?rest_route=%2Fwp%2Fv2%2Fmedia&parent=933"}],"curies":[{"name":"wp","href":"https:\/\/api.w.org\/{rel}","templated":true}]}}