{"id":941,"date":"2018-08-20T21:01:07","date_gmt":"2018-08-21T00:01:07","guid":{"rendered":"http:\/\/www.fechalar.com.br\/?post_type=product&#038;p=941"},"modified":"2021-06-03T19:52:52","modified_gmt":"2021-06-03T22:52:52","slug":"fechadura-smart-lock","status":"publish","type":"product","link":"https:\/\/fechalar.com.br\/?product=fechadura-smart-lock","title":{"rendered":"Fechadura Smart Lock Papaiz"},"content":{"rendered":"<p>&#8211; Abertura por senha de at\u00e9 14 d\u00edgitos;<\/p>\n<p>&#8211; 1 ano de garantia no funcionamento;<\/p>\n<p>&#8211; Cadastro de at\u00e9 09 usu\u00e1rios;<\/p>\n<p>&#8211; Comando de voz em Portugu\u00eas e Espanhol;<\/p>\n<p>&#8211; Fechadura para portas de giro;<\/p>\n<p>&#8211; F\u00e1cil instala\u00e7\u00e3o;<\/p>\n<p>&#8211; Design exclusivo Papaiz;<\/p>\n<p>&#8211; Abertura por cart\u00e3o de proximidade<\/p>\n<p>&#8211; Cont\u00e9m 05 cart\u00f5es de abertura. \u00c9 poss\u00edvel cadastrar at\u00e9 99 cart\u00f5es de proximidade em uma mesma fechadura;<\/p>\n<p>&#8211; Possui abertura por chave de emerg\u00eancia;<\/p>\n<p>&#8211; Painel Touch;<\/p>\n<p>&#8211; Modo de privacidade;<\/p>\n<p>&#8211; Melhor custo-benef\u00edcio;<\/p>\n<p>&#8211; Acompanha 4 pilhas AAA;<\/p>\n<p>&#8211; Aviso sonoro de bateria fraca.<\/p>\n<p><span style=\"color: #ff0000;\"><strong>IMPORTANTE: As Fechaduras Smart Lock n\u00e3o possuem trinco revers\u00edvel, \u00e9 necess\u00e1rio comprar sua fechadura j\u00e1 na posi\u00e7\u00e3o correta em que ir\u00e1 utilizar.<\/strong><\/span><\/p>\n<p><strong><span style=\"color: #ff6600;\">\u00a0Acabamentos:\u00a0<\/span><\/strong><\/p>\n<p>&#8211; Preto e Prata.<\/p>\n<p>&nbsp;<\/p>\n<p><span style=\"color: #ff6600;\"><strong>Apresenta\u00e7\u00e3o:<\/strong><\/span><\/p>\n<p><iframe loading=\"lazy\" width=\"720\" height=\"405\" src=\"https:\/\/www.youtube.com\/embed\/FmXUzNtLKUs?feature=oembed\" frameborder=\"0\" allow=\"autoplay; encrypted-media\" allowfullscreen><\/iframe><\/p>\n<p><span style=\"color: #ff6600;\"><strong>Instala\u00e7\u00e3o:<\/strong><\/span><\/p>\n<p><iframe loading=\"lazy\" width=\"720\" height=\"405\" src=\"https:\/\/www.youtube.com\/embed\/9Bv9xLiKdFQ?feature=oembed\" frameborder=\"0\" allow=\"autoplay; encrypted-media\" allowfullscreen><\/iframe><\/p>\n","protected":false},"excerpt":{"rendered":"<p>&#8211; Abertura por senha de at\u00e9 14 d\u00edgitos; &#8211; 1 ano de garantia no funcionamento; &#8211; Cadastro de at\u00e9 09 usu\u00e1rios; &#8211; Comando de voz em Portugu\u00eas e Espanhol; &#8211; Fechadura para portas de giro; &#8211; F\u00e1cil instala\u00e7\u00e3o; &#8211; Design exclusivo Papaiz; &#8211; Abertura por cart\u00e3o de proximidade &#8211; Cont\u00e9m 05 cart\u00f5es de abertura. \u00c9 [&hellip;]<\/p>\n","protected":false},"featured_media":945,"comment_status":"open","ping_status":"closed","template":"","meta":[],"_links":{"self":[{"href":"https:\/\/fechalar.com.br\/index.php?rest_route=\/wp\/v2\/product\/941"}],"collection":[{"href":"https:\/\/fechalar.com.br\/index.php?rest_route=\/wp\/v2\/product"}],"about":[{"href":"https:\/\/fechalar.com.br\/index.php?rest_route=\/wp\/v2\/types\/product"}],"replies":[{"embeddable":true,"href":"https:\/\/fechalar.com.br\/index.php?rest_route=%2Fwp%2Fv2%2Fcomments&post=941"}],"wp:featuredmedia":[{"embeddable":true,"href":"https:\/\/fechalar.com.br\/index.php?rest_route=\/wp\/v2\/media\/945"}],"wp:attachment":[{"href":"https:\/\/fechalar.com.br\/index.php?rest_route=%2Fwp%2Fv2%2Fmedia&parent=941"}],"curies":[{"name":"wp","href":"https:\/\/api.w.org\/{rel}","templated":true}]}}