{"id":956,"date":"2018-09-02T16:44:23","date_gmt":"2018-09-02T19:44:23","guid":{"rendered":"http:\/\/www.fechalar.com.br\/?post_type=product&#038;p=956"},"modified":"2021-06-03T19:51:52","modified_gmt":"2021-06-03T22:51:52","slug":"fechadura-eletronica-para-moveis","status":"publish","type":"product","link":"https:\/\/fechalar.com.br\/?product=fechadura-eletronica-para-moveis","title":{"rendered":"Fechadura Eletr\u00f4nica para M\u00f3veis"},"content":{"rendered":"<p><strong><span style=\"color: #ff6600;\">Caracter\u00edsticas:<\/span><\/strong><\/p>\n<ul>\n<li>Aplica\u00e7\u00e3o em arm\u00e1rios ou gaveteiros;<\/li>\n<li>Senha composta de 4 a 15 d\u00edgitos;<\/li>\n<li>Possibilita mais de 470 bilh\u00f5es de combina\u00e7\u00f5es;<\/li>\n<li>Permite a op\u00e7\u00e3o de uso de senha falsa;<\/li>\n<li>Alarme;<\/li>\n<li>Acompanha bateria;<\/li>\n<li>Possui entrada micro USB (padr\u00e3o Android) para alimenta\u00e7\u00e3o externa de emerg\u00eancia para bateria;<\/li>\n<li>Design exclusivo Papaiz.<\/li>\n<\/ul>\n","protected":false},"excerpt":{"rendered":"<p>Caracter\u00edsticas: Aplica\u00e7\u00e3o em arm\u00e1rios ou gaveteiros; Senha composta de 4 a 15 d\u00edgitos; Possibilita mais de 470 bilh\u00f5es de combina\u00e7\u00f5es; Permite a op\u00e7\u00e3o de uso de senha falsa; Alarme; Acompanha bateria; Possui entrada micro USB (padr\u00e3o Android) para alimenta\u00e7\u00e3o externa de emerg\u00eancia para bateria; Design exclusivo Papaiz.<\/p>\n","protected":false},"featured_media":957,"comment_status":"open","ping_status":"closed","template":"","meta":[],"_links":{"self":[{"href":"https:\/\/fechalar.com.br\/index.php?rest_route=\/wp\/v2\/product\/956"}],"collection":[{"href":"https:\/\/fechalar.com.br\/index.php?rest_route=\/wp\/v2\/product"}],"about":[{"href":"https:\/\/fechalar.com.br\/index.php?rest_route=\/wp\/v2\/types\/product"}],"replies":[{"embeddable":true,"href":"https:\/\/fechalar.com.br\/index.php?rest_route=%2Fwp%2Fv2%2Fcomments&post=956"}],"wp:featuredmedia":[{"embeddable":true,"href":"https:\/\/fechalar.com.br\/index.php?rest_route=\/wp\/v2\/media\/957"}],"wp:attachment":[{"href":"https:\/\/fechalar.com.br\/index.php?rest_route=%2Fwp%2Fv2%2Fmedia&parent=956"}],"curies":[{"name":"wp","href":"https:\/\/api.w.org\/{rel}","templated":true}]}}